{"id":743,"date":"2025-02-21T09:59:25","date_gmt":"2025-02-21T09:59:25","guid":{"rendered":"https:\/\/szczecin.pkps.org.pl\/?page_id=743"},"modified":"2026-03-30T12:16:43","modified_gmt":"2026-03-30T12:16:43","slug":"pomoc-zywnosciowa-2021-2027-podprogram-2023","status":"publish","type":"page","link":"https:\/\/szczecin.pkps.org.pl\/?page_id=743","title":{"rendered":"Pomoc \u017bywno\u015bciow\u0105 2021-2027, Podprogram 2024"},"content":{"rendered":"<div id=\"pl-743\"  class=\"panel-layout\" ><div id=\"pg-743-0\"  class=\"panel-grid panel-no-style\" ><div id=\"pgc-743-0-0\"  class=\"panel-grid-cell\" ><div id=\"panel-743-0-0-0\" class=\"so-panel widget widget_text panel-first-child panel-last-child\" data-index=\"0\" ><h3 class=\"widget-title\">Harmonogram Dzia\u0142a\u0144 Towarzysz\u0105cych<\/h3>\t\t\t<div class=\"textwidget\"><p class=\"p1\"><a href=\"https:\/\/szczecin.pkps.org.pl\/wp-content\/uploads\/2026\/03\/marzec-DZIALANIA-TOWARZYSZACE-2026.ods.pdf\">Realizacja dzia\u0142a\u0144 w ramach \u015brodk\u00f3w towarzysz\u0105cych do Programu Operacyjnego Pomoc \u017bywno\u015bciowa. Podprogram 2024 przez Polski Komitet Pomocy Spo\u0142ecznej Zachodniopomorski Zarz\u0105d Wojew\u00f3dzki SZCZECIN MARZEC \u00a02026 \u00a0<span class=\"s1\">FORMA STACJONARNA<\/span><\/a><\/p>\n<p class=\"p1\"><a href=\"https:\/\/szczecin.pkps.org.pl\/wp-content\/uploads\/2026\/03\/HARMONOGRAM-KWIECIEN-2026.pdf\"><b>Harmonogram warsztat\u00f3w w ramach \u015brodk\u00f3w towarzysz\u0105cych w Programie Fundusze <\/b><b>Europejskie na Pomoc \u017bywno\u015bciow\u0105 2021-2027 &#8211; Podprogram 2024 kwiecie\u0144 \u00a0 2026<\/b><\/a><\/p>\n<p class=\"p1\"><a href=\"https:\/\/szczecin.pkps.org.pl\/wp-content\/uploads\/2026\/03\/LUTY-DZIALANIA-TOWARZYSZACE-2026.pdf\">Realizacja dzia\u0142a\u0144 w ramach \u015brodk\u00f3w towarzysz\u0105cych do Programu Operacyjnego Pomoc \u017bywno\u015bciowa. Podprogram 2024 przez Polski Komitet Pomocy Spo\u0142ecznej Zachodniopomorski Zarz\u0105d Wojew\u00f3dzki SZCZECIN LUTY \u00a02026 \u00a0<span class=\"s1\">FORMA STACJONARNA<\/span><\/a><\/p>\n<p class=\"p1\"><a href=\"https:\/\/szczecin.pkps.org.pl\/wp-content\/uploads\/2026\/03\/HARMONOGRAM-MARZEC2026.pdf\"><b>Harmonogram warsztat\u00f3w w ramach \u015brodk\u00f3w towarzysz\u0105cych w Programie Fundusze <\/b><b>Europejskie na Pomoc \u017bywno\u015bciow\u0105 2021-2027 &#8211; Podprogram 2024 marzec \u00a0 2026<\/b><\/a><\/p>\n<p class=\"p1\"><a href=\"https:\/\/szczecin.pkps.org.pl\/wp-content\/uploads\/2025\/12\/LISTOPAD-MIESIECZNE-2025.pdf\">Realizacja dzia\u0142a\u0144 w ramach \u015brodk\u00f3w towarzysz\u0105cych do Programu Operacyjnego Pomoc \u017bywno\u015bciowa. Podprogram 2024 przez Polski Komitet Pomocy Spo\u0142ecznej Zachodniopomorski Zarz\u0105d Wojew\u00f3dzki SZCZECIN LISTOPAD 2025 <span class=\"s1\">FORMA STACJONARNA<\/span><\/a><\/p>\n<p class=\"p1\"><a href=\"https:\/\/szczecin.pkps.org.pl\/wp-content\/uploads\/2025\/11\/HARMONOGRAM-LISTOPAD-2025.pdf\"><b>Harmonogram warsztat\u00f3w w ramach \u015brodk\u00f3w towarzysz\u0105cych w Programie Fundusze <\/b><b>Europejskie na Pomoc \u017bywno\u015bciow\u0105 2021-2027 &#8211; Podprogram 2024 listopad \u00a02025<\/b><\/a><\/p>\n<p class=\"p1\"><a href=\"https:\/\/szczecin.pkps.org.pl\/wp-content\/uploads\/2025\/11\/pazdziernik-dzialania.pdf\">Realizacja dzia\u0142a\u0144 w ramach \u015brodk\u00f3w towarzysz\u0105cych do Programu Operacyjnego Pomoc \u017bywno\u015bciowa. Podprogram 2024 przez Polski Komitet Pomocy Spo\u0142ecznej Zachodniopomorski Zarz\u0105d Wojew\u00f3dzki SZCZECIN pa\u017adziernik \u00a02025 FORMA STACJONARNA<\/a><\/p>\n<p class=\"p1\"><a href=\"https:\/\/szczecin.pkps.org.pl\/wp-content\/uploads\/2025\/10\/DzialaniaHARMONOGRAM-PAZDZIERNIK-2025.pdf\"><b>Harmonogram warsztat\u00f3w w ramach \u015brodk\u00f3w towarzysz\u0105cych w Programie Fundusze <\/b><b>Europejskie na Pomoc \u017bywno\u015bciow\u0105 2021-2027 &#8211; Podprogram 2024 WRZESIE\u0143 2025<\/b><\/a><\/p>\n<p class=\"p1\"><a href=\"https:\/\/szczecin.pkps.org.pl\/wp-content\/uploads\/2025\/10\/WRZESIEN-DZIALANIA-TOWARZYSZACE-2025.pdf\">Realizacja dzia\u0142a\u0144 w ramach \u015brodk\u00f3w towarzysz\u0105cych do Programu Operacyjnego Pomoc \u017bywno\u015bciowa. Podprogram 2024 przez Polski Komitet Pomocy Spo\u0142ecznej Zachodniopomorski Zarz\u0105d Wojew\u00f3dzki SZCZECIN SIERPIE\u0143 2025 FORMA STACJONARNA<\/a><\/p>\n<p class=\"p1\"><a href=\"https:\/\/szczecin.pkps.org.pl\/wp-content\/uploads\/2025\/08\/HARMONOGRAM-WRZESIEN-2025-\u2014-kopia.pdf\"><b>Harmonogram warsztat\u00f3w w ramach \u015brodk\u00f3w towarzysz\u0105cych w Programie Fundusze <\/b><b>Europejskie na Pomoc \u017bywno\u015bciow\u0105 2021-2027 &#8211; Podprogram 2024 WRZESIE\u0143 2025<\/b><\/a><\/p>\n<p class=\"p1\"><a href=\"https:\/\/szczecin.pkps.org.pl\/wp-content\/uploads\/2025\/08\/SIERPIEN-DZIALANIA-TOWARZYSZACE-2025.pdf\">Realizacja dzia\u0142a\u0144 w ramach \u015brodk\u00f3w towarzysz\u0105cych do Programu Operacyjnego Pomoc \u017bywno\u015bciowa. Podprogram 2024 przez Polski Komitet Pomocy Spo\u0142ecznej Zachodniopomorski Zarz\u0105d Wojew\u00f3dzki SZCZECIN SIERPIE\u0143 2025 FORMA STACJONARNA<\/a><\/p>\n<p class=\"p1\"><a href=\"https:\/\/szczecin.pkps.org.pl\/wp-content\/uploads\/2025\/08\/HARMONOGRAM-SIERPIEN-2025-1.pdf\">Harmonogram warsztat\u00f3w w ramach \u015brodk\u00f3w towarzysz\u0105cych w Programie Fundusze Europejskie na Pomoc \u017bywno\u015bciow\u0105 2021-2027 &#8211; Podprogram 2024 SIERPIE\u0143 2025<\/a><\/p>\n<p><a href=\"https:\/\/szczecin.pkps.org.pl\/wp-content\/uploads\/2025\/08\/LIPIEC-DZIALANIA-TOWARZYSZACE-2025.pdf\">Realizacja dzia\u0142a\u0144 w ramach \u015brodk\u00f3w towarzysz\u0105cych do Programu Operacyjnego Pomoc \u017bywno\u015bciowa. Podprogram 2024 przez Polski Komitet Pomocy Spo\u0142ecznej Zachodniopomorski Zarz\u0105d Wojew\u00f3dzki SZCZECIN \u00a0&#8211; LIPIEC \u00a02025 FORMA STACJONARNA<\/a><\/p>\n<p class=\"p1\"><a href=\"https:\/\/szczecin.pkps.org.pl\/wp-content\/uploads\/2025\/07\/HARMONOGRAM-LIPIEC-Dzialania-towarzyszace-2025.pdf\">Harmonogram warsztat\u00f3w w ramach \u015brodk\u00f3w towarzysz\u0105cych w Programie Fundusze Europejskie na Pomoc \u017bywno\u015bciow\u0105 2021-2027 &#8211; Podprogram 2024 LIPIEC 2025<\/a><\/p>\n<p class=\"p1\"><a href=\"https:\/\/szczecin.pkps.org.pl\/wp-content\/uploads\/2025\/07\/Czerwiec-DZIALANIA-TOWARZYSZACE-2025.pdf\">Realizacja dzia\u0142a\u0144 w ramach \u015brodk\u00f3w towarzysz\u0105cych do Programu Operacyjnego Pomoc \u017bywno\u015bciowa. Podprogram 2024 przez Polski Komitet Pomocy Spo\u0142ecznej Zachodniopomorski Zarz\u0105d Wojew\u00f3dzki SZCZECIN \u00a0&#8211; CZERWIEC 2025 FORMA STACJONARNA<\/a><\/p>\n<p><a href=\"https:\/\/szczecin.pkps.org.pl\/wp-content\/uploads\/2025\/06\/HARMONOGRAM-CZERWIEC-2025-DZIALANIA.ods.pdf\">Harmonogram warsztat\u00f3w w ramach \u015brodk\u00f3w towarzysz\u0105cych w Programie Fundusze Europejskie na Pomoc \u017bywno\u015bciow\u0105 2021-2027 &#8211; Podprogram 2024 CZERWIEC 2025<\/a><\/p>\n<p><a href=\"https:\/\/szczecin.pkps.org.pl\/wp-content\/uploads\/2025\/05\/maj-nowe-warpno-1.pdf\">Harmonogram warsztat\u00f3w w ramach \u015brodk\u00f3w towarzysz\u0105cych w Programie Fundusze Europejskie na Pomoc \u017bywno\u015bciow\u0105 2021-2027 &#8211; Podprogram 2024 MAJ 2025<\/a><br \/>\n<a href=\"https:\/\/szczecin.pkps.org.pl\/wp-content\/uploads\/2025\/06\/dzialania-maj.pdf\">WARSZTATY PRZEPROWADZONE W FORMIE ZDALNEJ \/ STACJONARNEJ RODZAJ WARSZTATOW: Warsztaty edukacji ekonomicznej<\/a><\/p>\n<p><a href=\"https:\/\/szczecin.pkps.org.pl\/wp-content\/uploads\/2025\/06\/maj-DZIALANIA-TOWARZYSZACE-2025.ods.pdf\">Harmonogram warsztat\u00f3w w ramach \u015brodk\u00f3w towarzysz\u0105cych w Programie Fundusze Europejskie na Pomoc \u017bywno\u015bciow\u0105 2021-2027 &#8211; Podprogram 2024 KWIECIE\u0143 2025<\/a><\/p>\n<p><a href=\"https:\/\/szczecin.pkps.org.pl\/wp-content\/uploads\/2025\/03\/HARMONOGRAM-MARZEC-2025-1.pdf\">Harmonogram warsztat\u00f3w w ramach \u015brodk\u00f3w towarzysz\u0105cych w Programie Fundusze Europejskie na Pomoc \u017bywno\u015bciow\u0105 2021-2027 &#8211; Podprogram 2024 MARZEC 2025<\/a><\/p>\n<p><a href=\"https:\/\/szczecin.pkps.org.pl\/wp-content\/uploads\/2025\/03\/MARZEC-MIESIECZNE-2025.pdf\">Harmonogram warsztat\u00f3w w ramach srodk\u00f3w towarzyszacych w Programie Fundusze<\/a><\/p>\n<p>Europejskie na Pomoc Zywnosciowa 2021-2027 &#8211; Podprogram 2024 MARZEC 2025<\/p>\n<p>OPS w Nowym Warpnie w dniu 26,02,2025<\/p>\n<p>1) Warsztaty Edukacji ekonomicznej &#8211; Temat: Zaplanuj sw\u00f3j bud\u017cet od A do Z<br \/>\n2) Programy edukacyjne maj\u0105ce na celu zapoznanie z zasadami zdrowego od\u017cywiania i przeciwdzia\u0142ania marnotrawieniu \u017cywno\u015bci &#8211; Temat: Jak ograniczy\u0107 marnowanie \u017cywno\u015bci?<\/p>\n<\/div>\n\t\t<\/div><\/div><\/div><\/div>","protected":false},"excerpt":{"rendered":"<p>Realizacja dzia\u0142a\u0144 w ramach \u015brodk\u00f3w towarzysz\u0105cych do Programu Operacyjnego Pomoc \u017bywno\u015bciowa. Podprogram 2024 przez Polski Komitet Pomocy Spo\u0142ecznej Zachodniopomorski Zarz\u0105d Wojew\u00f3dzki SZCZECIN MARZEC \u00a02026 \u00a0FORMA STACJONARNA Harmonogram warsztat\u00f3w w ramach \u015brodk\u00f3w towarzysz\u0105cych w Programie Fundusze Europejskie na Pomoc \u017bywno\u015bciow\u0105 2021-2027 &#8211; Podprogram 2024 kwiecie\u0144 \u00a0 2026 Realizacja dzia\u0142a\u0144 w ramach \u015brodk\u00f3w towarzysz\u0105cych do Programu Operacyjnego [&hellip;]<\/p>\n","protected":false},"author":2,"featured_media":0,"parent":0,"menu_order":0,"comment_status":"closed","ping_status":"closed","template":"","meta":{"footnotes":"","_links_to":"","_links_to_target":""},"class_list":["post-743","page","type-page","status-publish"],"_links":{"self":[{"href":"https:\/\/szczecin.pkps.org.pl\/index.php?rest_route=\/wp\/v2\/pages\/743","targetHints":{"allow":["GET"]}}],"collection":[{"href":"https:\/\/szczecin.pkps.org.pl\/index.php?rest_route=\/wp\/v2\/pages"}],"about":[{"href":"https:\/\/szczecin.pkps.org.pl\/index.php?rest_route=\/wp\/v2\/types\/page"}],"author":[{"embeddable":true,"href":"https:\/\/szczecin.pkps.org.pl\/index.php?rest_route=\/wp\/v2\/users\/2"}],"replies":[{"embeddable":true,"href":"https:\/\/szczecin.pkps.org.pl\/index.php?rest_route=%2Fwp%2Fv2%2Fcomments&post=743"}],"version-history":[{"count":26,"href":"https:\/\/szczecin.pkps.org.pl\/index.php?rest_route=\/wp\/v2\/pages\/743\/revisions"}],"predecessor-version":[{"id":818,"href":"https:\/\/szczecin.pkps.org.pl\/index.php?rest_route=\/wp\/v2\/pages\/743\/revisions\/818"}],"wp:attachment":[{"href":"https:\/\/szczecin.pkps.org.pl\/index.php?rest_route=%2Fwp%2Fv2%2Fmedia&parent=743"}],"curies":[{"name":"wp","href":"https:\/\/api.w.org\/{rel}","templated":true}]}}