{"id":7,"date":"2019-01-28T10:55:19","date_gmt":"2019-01-28T10:55:19","guid":{"rendered":"http:\/\/szczecin.pkps.org.pl\/?page_id=7"},"modified":"2025-07-17T10:38:23","modified_gmt":"2025-07-17T10:38:23","slug":"zachodniopomorski-zarzad-wojewodzki","status":"publish","type":"page","link":"https:\/\/szczecin.pkps.org.pl\/","title":{"rendered":"P O L S KI\u00a0 \u00a0K O M I T E T\u00a0\u00a0P O M O C Y\u00a0 \u00a0\u00a0S P O \u0141 E C Z N E J ZACHODNIOPOMORSKI\u00a0\u00a0ZARZ\u0104D WOJEW\u00d3DZKI"},"content":{"rendered":"<div id=\"pl-7\"  class=\"panel-layout\" ><div id=\"pg-7-0\"  class=\"panel-grid panel-has-style\" ><div class=\"siteorigin-panels-stretch panel-row-style panel-row-style-for-7-0\" data-stretch-type=\"full\" ><div id=\"pgc-7-0-0\"  class=\"panel-grid-cell\" ><div id=\"panel-7-0-0-0\" class=\"so-panel widget widget_sow-editor panel-first-child panel-last-child\" data-index=\"0\" ><div\n\t\t\t\n\t\t\tclass=\"so-widget-sow-editor so-widget-sow-editor-base\"\n\t\t\t\n\t\t>\n<div class=\"siteorigin-widget-tinymce textwidget\">\n\t<p><!-- wp:tadv\/classic-paragraph --><\/p>\n<p><strong>P O L S KI\u00a0 \u00a0K O M I T E T\u00a0\u00a0P O M O C Y\u00a0 \u00a0\u00a0S P O \u0141 E C Z N E J<\/strong> ZACHODNIOPOMORSKI\u00a0\u00a0ZARZ\u0104D WOJEW\u00d3DZKI ORGANIZACJA PO\u017bYTKU PUBLICZNEGO tel\/fax (0-91) 433-45-04\u00a0 email:\u00a0\u00a0zzw@szczecin.pkps.org.pl 70-362 Szczecin, ul. Jagiello\u0144ska 18\/2 NIP 851-01-09-361\u00a0 \u00a0REGON 007023760-00480 NR KONTA\u00a0 \u00a023 1240 3813 1111 0000 4375 5868<\/p>\n<p>&nbsp;<\/p>\n<p><!-- \/wp:tadv\/classic-paragraph --><\/p>\n<p><!-- wp:siteorigin-panels\/layout-block {\"panelsData\":{\"widgets\":[{\"panels_info\":{\"class\":\"SiteOrigin_Widget_Editor_Widget\",\"raw\":false,\"grid\":0,\"cell\":0,\"id\":0,\"widget_id\":\"c24ee6d1-459b-4bd9-83f7-5eaa92f18776\",\"style\":{\"id\":\"\",\"class\":\"\",\"widget_css\":\"\",\"mobile_css\":\"\",\"margin\":\"\",\"padding\":\"\",\"mobile_padding\":\"\",\"background\":\"\",\"background_image_attachment\":\"0\",\"background_image_attachment_fallback\":\"\",\"background_display\":\"tile\",\"border_color\":\"\",\"font_color\":\"\",\"link_color\":\"\"}}}],\"grids\":[{\"cells\":1,\"style\":{\"id\":\"\",\"class\":\"\",\"cell_class\":\"\",\"row_css\":\"\",\"mobile_css\":\"\",\"bottom_margin\":\"\",\"gutter\":\"\",\"padding\":\"\",\"mobile_padding\":\"\",\"row_stretch\":\"\",\"collapse_behaviour\":\"\",\"collapse_order\":\"\",\"cell_alignment\":\"flex-start\",\"background\":\"\",\"background_image_attachment\":\"0\",\"background_image_attachment_fallback\":\"\",\"background_display\":\"tile\",\"border_color\":\"\"},\"ratio\":1,\"ratio_direction\":\"right\"}],\"grid_cells\":[{\"grid\":0,\"index\":0,\"weight\":1,\"style\":{}}]}} \/--><!-- wp:siteorigin-panels\/layout-block {\"panelsData\":{\"widgets\":[{\"title\":\"\",\"text\":\"\\u003cdiv\\u003e\\n\\u003cdiv\\u003e\\u003cspan style=\\u0022font-size: 1rem;\\u0022\\u003eObszarem dzia\u0142ania\u00a0\\u003c\/span\\u003e\\u003cspan class=\\u0022fs12\\u0022 style=\\u0022font-size: 1rem;\\u0022\\u003e\\u003cspan class=\\u0022cf1\\u0022\\u003eZACHODNIOPOMORSKIEGO\u00a0\\u003c\/span\\u003e\\u003cspan class=\\u0022cf1\\u0022\\u003eZARZ\u0104DU WOJEW\u00d3DZKIEGO jest teren ca\u0142ego wojew\u00f3dztwa Zachodniopomorskiego.\\u003c\/span\\u003e\\u003c\/span\\u003e\\u003c\/div\\u003e\\n\\u003c\/div\\u003e\\n\\u003cspan class=\\u0022fs12\\u0022\\u003e\\u003cspan class=\\u0022cf1\\u0022\\u003eOsoby ch\u0119tne do tworzenia nowych jednostek terenowych w miejscowo\u015bciach, w kt\u00f3rych Stowarzyszenie obecnie nie dzia\u0142a proszone sa o kontakt z biurem Zarz\u0105du\u00a0 w Szczecinie przy ul Jagielo\u0144skiej 18\/2\\nw godz. 8:00-16:00\\u003c\/span\\u003e\\u003c\/span\\u003e\\n\\n\\u003cstrong\\u003eZARZ\u0104D\\u003c\/strong\\u003e\\n\\u003cblockquote\\u003e\\n\\u003cdiv\\u003eW dniu 17 stycznia 2019 roku Prezydium Rady Naczelnej PKPS uchwa\u0142\u0105 nr 19\/Pe\/19 powo\u0142a\u0142o nowy trzyosobowy Zachodniopomorski Zarz\u0105d Wojew\u00f3dzki:\\nMicha\u0142 Kucharuk \u2013 Prezes Zarz\u0105du\\nAnna Maria Kapacka \u2013 Skarbnik\\nDanuta Czapla - Sekretarz\\u003c\/div\\u003e\\n\\u003cdiv\\u003e\\u003c\/div\\u003e\\n\\u003cb style=\\u0022color: #333333; font-size: 16px; font-style: normal;\\u0022\\u003e\\u003ca style=\\u0022color: #000000;\\u0022 href=\\u0022http:\/\/szczecin.pkps.org.pl\/wp-content\/uploads\/2019\/01\/Statut_PKPS.pdf\\u0022\\u003eSTATUT\\u003c\/a\\u003e\\u003c\/b\\u003e\\u003c\/blockquote\\u003e\\n\\u003cblockquote\\u003e\\n\\u003cdiv\\u003e\\u003cspan class=\\u0022fs32\\u0022\\u003e\u0179R\u00d3D\u0141A FINANSOWANIA\\u003c\/span\\u003e\\u003c\/div\\u003e\\u003c\/blockquote\\u003e\\n\\u003cdiv\\u003e\\u003c\/div\\u003e\\n\\u003cul\\u003e\\n \\t\\u003cli\\u003e\\u003cspan class=\\u0022fs16.002 ff1\\u0022\\u003eSk\u0142adki cz\u0142onkowskie\\u003c\/span\\u003e\\u003c\/li\\u003e\\n \\t\\u003cli\\u003e\\u003cspan class=\\u0022fs16.002 ff1\\u0022\\u003eDotacje\\u003c\/span\\u003e\\u003c\/li\\u003e\\n \\t\\u003cli\\u003e\\u003cspan class=\\u0022fs16.002 ff1\\u0022\\u003eDarowizny\\u003c\/span\\u003e\\u003c\/li\\u003e\\n \\t\\u003cli\\u003e\\u003cspan class=\\u0022fs16.002 ff1\\u0022\\u003ePrzeka\u017c NGO darowizn\u0119, skorzystaj z odliczenia podatkowego\\u003c\/span\\u003e\\u003c\/li\\u003e\\n \\t\\u003cli\\u003e\\u003cspan class=\\u0022fs16.002 ff1\\u0022\\u003eDary rzeczowe\\u003c\/span\\u003e\\u003c\/li\\u003e\\n \\t\\u003cli\\u003e\\u003cspan class=\\u0022fs16.002 ff1\\u0022\\u003eZbi\u00f3rki publiczne\\u003c\/span\\u003e\\u003c\/li\\u003e\\n\\u003c\/ul\\u003e\\n\\u003c!\\u002d\\u002d wp:siteorigin-panels\/layout-block {\\u0022panelsData\\u0022:{\\u0022widgets\\u0022:[{\\u0022panels_info\\u0022:{\\u0022class\\u0022:\\u0022SiteOrigin_Widget_Editor_Widget\\u0022,\\u0022raw\\u0022:false,\\u0022grid\\u0022:0,\\u0022cell\\u0022:0,\\u0022id\\u0022:0,\\u0022widget_id\\u0022:\\u0022c24ee6d1-459b-4bd9-83f7-5eaa92f18776\\u0022,\\u0022style\\u0022:{\\u0022id\\u0022:\\u0022\\u0022,\\u0022class\\u0022:\\u0022\\u0022,\\u0022widget_css\\u0022:\\u0022\\u0022,\\u0022mobile_css\\u0022:\\u0022\\u0022,\\u0022margin\\u0022:\\u0022\\u0022,\\u0022padding\\u0022:\\u0022\\u0022,\\u0022mobile_padding\\u0022:\\u0022\\u0022,\\u0022background\\u0022:\\u0022\\u0022,\\u0022background_image_attachment\\u0022:\\u00220\\u0022,\\u0022background_image_attachment_fallback\\u0022:\\u0022\\u0022,\\u0022background_display\\u0022:\\u0022tile\\u0022,\\u0022border_color\\u0022:\\u0022\\u0022,\\u0022font_color\\u0022:\\u0022\\u0022,\\u0022link_color\\u0022:\\u0022\\u0022}}}],\\u0022grids\\u0022:[{\\u0022cells\\u0022:1,\\u0022style\\u0022:{\\u0022id\\u0022:\\u0022\\u0022,\\u0022class\\u0022:\\u0022\\u0022,\\u0022cell_class\\u0022:\\u0022\\u0022,\\u0022row_css\\u0022:\\u0022\\u0022,\\u0022mobile_css\\u0022:\\u0022\\u0022,\\u0022bottom_margin\\u0022:\\u0022\\u0022,\\u0022gutter\\u0022:\\u0022\\u0022,\\u0022padding\\u0022:\\u0022\\u0022,\\u0022mobile_padding\\u0022:\\u0022\\u0022,\\u0022row_stretch\\u0022:\\u0022\\u0022,\\u0022collapse_behaviour\\u0022:\\u0022\\u0022,\\u0022collapse_order\\u0022:\\u0022\\u0022,\\u0022cell_alignment\\u0022:\\u0022flex-start\\u0022,\\u0022background\\u0022:\\u0022\\u0022,\\u0022background_image_attachment\\u0022:\\u00220\\u0022,\\u0022background_image_attachment_fallback\\u0022:\\u0022\\u0022,\\u0022background_display\\u0022:\\u0022tile\\u0022,\\u0022border_color\\u0022:\\u0022\\u0022},\\u0022ratio\\u0022:1,\\u0022ratio_direction\\u0022:\\u0022right\\u0022}],\\u0022grid_cells\\u0022:[{\\u0022grid\\u0022:0,\\u0022index\\u0022:0,\\u0022weight\\u0022:1,\\u0022style\\u0022:{}}]}} \/\\u002d\\u002d\\u003e\",\"text_selected_editor\":\"tinymce\",\"autop\":\"on\",\"_sow_form_id\":\"1504688375c52e2c0c7e1e009185028\",\"_sow_form_timestamp\":\"1551716393145\",\"panels_info\":{\"class\":\"SiteOrigin_Widget_Editor_Widget\",\"raw\":true,\"grid\":0,\"cell\":0,\"id\":0,\"widget_id\":\"5e55f7d1-84bb-434d-bca5-622af054610c\",\"style\":{\"id\":\"\",\"class\":\"\",\"widget_css\":\"\",\"mobile_css\":\"\",\"margin\":\"\",\"padding\":\"\",\"mobile_padding\":\"\",\"background\":\"\",\"background_image_attachment\":\"0\",\"background_image_attachment_fallback\":\"\",\"background_display\":\"tile\",\"border_color\":\"\",\"font_color\":\"\",\"link_color\":\"\"}}},{\"title\":\"\",\"text\":\"\\u003cdiv id=\\u0022imCell_11\\u0022\\u003e\\n\\u003cdiv id=\\u0022imCellStyle_11\\u0022 data-responsive-sequence-number=\\u00221\\u0022\\u003e\\n\\u003cdiv id=\\u0022imTextObject_11\\u0022\\u003e\\n\\u003cdiv id=\\u0022imTextObject_11_tab0\\u0022 class=\\u0022text-tab-content\\u0022\\u003e\\n\\u003cdiv class=\\u0022text-inner\\u0022\\u003e\\n\\u003cdiv\\u003e\\u003cspan class=\\u0022fs24 ff1\\u0022\\u003e\\u003cb\\u003eW s\u0142u\u017cbie cz\u0142owiekowi\\u003c\/b\\u003e\\u003c\/span\\u003e\\u003c\/div\\u003e\\n\\u003cdiv\\u003e\\u003cspan class=\\u0022fs19 ff1\\u0022\\u003e\\u003cb\\u003eS\u0142uchamy \u00a0\u00a0\\u003c\/b\\u003e\\u003c\/span\\u003e\\u003cb class=\\u0022fs19 ff1\\u0022\\u003eRozumiemy \u00a0\u00a0\\u003c\/b\\u003e\\u003cb class=\\u0022fs19 ff1\\u0022\\u003ePomagamy\\u003c\/b\\u003e\\u003c\/div\\u003e\\n\\u003cdiv\\u003e\\u003c\/div\\u003e\\n\\u003cdiv\\u003e\\u003cimg class=\\u0022image-0 alignnone\\u0022 title=\\u0022\\u0022 src=\\u0022http:\/\/www.pkps-szczecin.pl\/images\/pobrany-plik.png\\u0022 alt=\\u0022\\u0022 \/\\u003e\\u003cb class=\\u0022fs19 ff1\\u0022\\u003e\\n\\u003c\/b\\u003e\\u003c\/div\\u003e\\n\\u003cdiv\\u003e\\u003c\/div\\u003e\\n\\u003cdiv\\u003e\\u003c\/div\\u003e\\n\\u003cdiv\\u003e\\u003cspan class=\\u0022ff1\\u0022\\u003e\\u003cb\\u003e\\u003cspan class=\\u0022fs19\\u0022\\u003eOtw\u00f3rz swoje serce.\\u003c\/span\\u003e\\u003c\/b\\u003e\\u003c\/span\\u003e\\u003c\/div\\u003e\\n\\u003cdiv\\u003e\\u003cspan class=\\u0022ff1\\u0022\\u003e\\u003cb\\u003e\\u003cspan class=\\u0022fs27\\u0022\\u003ePrzeka\u017c 1% podatku, KRS NR 0000041349 PKPS ZZW Szczecin\\u003c\/span\\u003e\\u003c\/b\\u003e\\u003c\/span\\u003e\\u003c\/div\\u003e\\n\\u003cdiv\\u003e\\u003c\/div\\u003e\\n\\u003c\/div\\u003e\\n\\u003c\/div\\u003e\\n\\u003c\/div\\u003e\\n\\u003c\/div\\u003e\\n\\u003c\/div\\u003e\\n\\u003cdiv id=\\u0022imGroup_2\\u0022 class=\\u0022imHGroup\\u0022\\u003e\\n\\u003cdiv id=\\u0022imGroup_3\\u0022 class=\\u0022imVGroup\\u0022\\u003e\\n\\u003cdiv id=\\u0022imGroup_5\\u0022 class=\\u0022imHGroup\\u0022\\u003e\\n\\u003cdiv id=\\u0022imCell_7\\u0022\\u003e\\n\\u003cdiv id=\\u0022imCellStyle_7\\u0022 data-responsive-sequence-number=\\u00225\\u0022\\u003eKOMU POMAGAMY\\u003c\/div\\u003e\\n\\u003c\/div\\u003e\\n\\u003c\/div\\u003e\\n\\u003cdiv id=\\u0022imGroup_6\\u0022 class=\\u0022imHGroup\\u0022\\u003e\\n\\u003cdiv id=\\u0022imCell_3\\u0022\\u003e\\n\\u003cdiv id=\\u0022imCellStyle_3\\u0022 data-responsive-sequence-number=\\u00227\\u0022\\u003e\\n\\u003cdiv id=\\u0022imTextObject_3\\u0022\\u003e\\n\\u003cdiv id=\\u0022imTextObject_3_tab0\\u0022 class=\\u0022text-tab-content\\u0022\\u003e\\n\\u003cdiv class=\\u0022text-inner\\u0022\\u003e\\n\\u003cdiv\\u003e\\u003c\/div\\u003e\\n\\u003cdiv\\u003e\\u003cspan class=\\u0022fs16.002 ff1\\u0022\\u003eCelem PKPS jest dobrowolne i bezinteresowne niesienie r\u00f3\u017cnorodnych form pomocy osobom i rodzinom, kt\u00f3re z r\u00f3\u017cnych przyczyn niezdolne s\u0105 do rozwi\u0105zywania swych \u017cyciowych problem\u00f3w, w szczeg\u00f3lno\u015bci ludziom starszym, niepe\u0142nosprawnym, chorym, samotnym, zagro\u017conym demoralizacj\u0105, rodzinom pozbawionym \u015brodk\u00f3w do \u017cycia, ubogim i bezradnym.\\u003c\/span\\u003e\\u003c\/div\\u003e\\n\\u003c\/div\\u003e\\n\\u003c\/div\\u003e\\n\\u003c\/div\\u003e\\n\\u003c\/div\\u003e\\n\\u003c\/div\\u003e\\n\\u003c\/div\\u003e\\n\\u003c\/div\\u003e\\n\\u003c\/div\\u003e\",\"text_selected_editor\":\"tinymce\",\"autop\":\"on\",\"_sow_form_id\":\"1304905025c614f689c0b3662339780\",\"_sow_form_timestamp\":\"1549881529592\",\"panels_info\":{\"class\":\"SiteOrigin_Widget_Editor_Widget\",\"raw\":false,\"grid\":0,\"cell\":1,\"id\":1,\"widget_id\":\"df238ee5-ac94-407f-ae31-c5d2e7f462d4\",\"style\":{\"id\":\"\",\"class\":\"\",\"widget_css\":\"\",\"mobile_css\":\"\",\"margin\":\"\",\"padding\":\"\",\"mobile_padding\":\"\",\"background\":\"\",\"background_image_attachment\":\"0\",\"background_image_attachment_fallback\":\"\",\"background_display\":\"tile\",\"border_color\":\"\",\"font_color\":\"\",\"link_color\":\"\"}}},{\"title\":\"RYS HISTORYCZNY\",\"text\":\"\\u003cdiv id=\\u0022imCell_11\\u0022\\u003e\\n\\u003cdiv id=\\u0022imCellStyle_11\\u0022 data-responsive-sequence-number=\\u00221\\u0022\\u003e\\n\\u003cdiv id=\\u0022imTextObject_11\\u0022\\u003e\\n\\u003cdiv id=\\u0022imTextObject_11_tab0\\u0022 class=\\u0022text-tab-content\\u0022\\u003e\\n\\u003cdiv class=\\u0022text-inner\\u0022\\u003e\\n\\u003cdiv\\u003e\\u003cspan style=\\u0022font-size: 1rem;\\u0022\\u003eTerenem dzia\u0142alno\u015bci PKPS jest obszar Polski z siedzib\u0105 w Warszawie. Trudno\u015bci i wszechobecna bieda w kraju zainspirowa\u0142y prof. prawa Leona Kurowskiego do powo\u0142ania stowarzyszenia. Polski Komitet Pomocy Spo\u0142ecznej na posiedzeniu za\u0142o\u017cycielskim w dniu 7 maja 1958 roku w Warszawie rozpocz\u0105\u0142 swoj\u0105 dzia\u0142alno\u015b\u0107 Zarejestrowany 10 pa\u017adziernika 1958 r. Stowarzyszenie powo\u0142ano na podstawie: Rozporz\u0105dzenia Prezydenta Rzeczypospolitej z dnia 27 pa\u017adziernika 1932 r. Aktualnie funkcjonuje na podstawie Ustawy z dn. 7 kwietnia 1989 r. (Dz. U. Nr 29 z dn. 10 kwietnia 1989 r.) Prawo o stowarzyszeniach.\\u003c\/span\\u003e\\u003c\/div\\u003e\\n\\u003c\/div\\u003e\\n\\u003c\/div\\u003e\\n\\u003c\/div\\u003e\\n\\u003c\/div\\u003e\\n\\u003c\/div\\u003e\",\"text_selected_editor\":\"tinymce\",\"autop\":\"on\",\"_sow_form_id\":\"19147101305c6150a5adabc349371564\",\"_sow_form_timestamp\":\"1549881638059\",\"panels_info\":{\"class\":\"SiteOrigin_Widget_Editor_Widget\",\"raw\":false,\"grid\":0,\"cell\":1,\"id\":2,\"widget_id\":\"d6243f8c-7778-415f-8e91-3232b00a336a\",\"style\":{\"id\":\"\",\"class\":\"\",\"widget_css\":\"\",\"mobile_css\":\"\",\"margin\":\"\",\"padding\":\"\",\"mobile_padding\":\"\",\"background\":\"#a4b1bf\",\"background_image_attachment\":\"0\",\"background_image_attachment_fallback\":\"\",\"background_display\":\"tile\",\"border_color\":\"\",\"font_color\":\"\",\"link_color\":\"\"}}}],\"grids\":[{\"cells\":2,\"style\":{\"id\":\"\",\"class\":\"\",\"cell_class\":\"\",\"row_css\":\"\",\"mobile_css\":\"\",\"bottom_margin\":\"\",\"gutter\":\"100px\",\"padding\":\"0px 100px 0px 60px\",\"mobile_padding\":\"\",\"row_stretch\":\"full-stretched-padded\",\"collapse_behaviour\":\"\",\"collapse_order\":\"left-top\",\"cell_alignment\":\"flex-start\",\"background\":\"\",\"background_image_attachment\":\"0\",\"background_image_attachment_fallback\":\"\",\"background_display\":\"tile\",\"border_color\":\"\"},\"ratio\":1,\"ratio_direction\":\"right\"}],\"grid_cells\":[{\"grid\":0,\"index\":0,\"weight\":0.5,\"style\":{}},{\"grid\":0,\"index\":1,\"weight\":0.5,\"style\":{}}]}} \/--><\/p>\n<\/div>\n<\/div><\/div><\/div><\/div><\/div><div id=\"pg-7-1\"  class=\"panel-grid panel-no-style\" ><div id=\"pgc-7-1-0\"  class=\"panel-grid-cell\" ><div id=\"panel-7-1-0-0\" class=\"so-panel widget widget_sow-editor panel-first-child panel-last-child\" data-index=\"1\" ><div\n\t\t\t\n\t\t\tclass=\"so-widget-sow-editor so-widget-sow-editor-base\"\n\t\t\t\n\t\t>\n<div class=\"siteorigin-widget-tinymce textwidget\">\n\t<div>\n<div>Obszarem dzia\u0142ania\u00a0<span class=\"fs12\"><span class=\"cf1\">ZACHODNIOPOMORSKIEGO\u00a0<\/span><span class=\"cf1\">ZARZ\u0104DU WOJEW\u00d3DZKIEGO jest teren ca\u0142ego wojew\u00f3dztwa Zachodniopomorskiego.<\/span><\/span><\/div>\n<\/div>\n<p><span class=\"fs12\"><span class=\"cf1\">Osoby ch\u0119tne do tworzenia nowych jednostek terenowych w miejscowo\u015bciach, w kt\u00f3rych Stowarzyszenie obecnie nie dzia\u0142a proszone sa o kontakt z biurem Zarz\u0105du\u00a0 w Szczecinie przy ul Jagielo\u0144skiej 18\/2<br \/>\nw godz. 8:00-16:00<\/span><\/span><\/p>\n<p><strong>ZARZ\u0104D<\/strong><\/p>\n<div class=\"default-style\">JOANNA PUTON -PREZES<\/div>\n<div class=\"default-style\">KOPACKA ANNA - SKARBNIK<\/div>\n<div class=\"default-style\">MARZENNA PIETRUSZKIEWICZ- SEKRETARZ<\/div>\n<p><b style=\"font-size: 16px;\"><a href=\"http:\/\/szczecin.pkps.org.pl\/wp-content\/uploads\/2019\/01\/Statut_PKPS.pdf\">STATUT<\/a><\/b><\/p>\n<div><span class=\"fs32\">\u0179R\u00d3D\u0141A FINANSOWANIA<\/span><\/div>\n<ul>\n<li><span class=\"fs16.002 ff1\">Sk\u0142adki cz\u0142onkowskie<\/span><\/li>\n<li><span class=\"fs16.002 ff1\">Dotacje<\/span><\/li>\n<li><span class=\"fs16.002 ff1\">Darowizny<\/span><\/li>\n<li><span class=\"fs16.002 ff1\">Przeka\u017c NGO darowizn\u0119, skorzystaj z odliczenia podatkowego<\/span><\/li>\n<li><span class=\"fs16.002 ff1\">Dary rzeczowe<\/span><\/li>\n<li class=\"on\"><span class=\"fs16.002 ff1\">Zbi\u00f3rki publiczne<\/span><\/li>\n<\/ul>\n<\/div>\n<\/div><\/div><\/div><div id=\"pgc-7-1-1\"  class=\"panel-grid-cell\" ><div id=\"panel-7-1-1-0\" class=\"so-panel widget widget_sow-editor panel-first-child\" data-index=\"2\" ><div\n\t\t\t\n\t\t\tclass=\"so-widget-sow-editor so-widget-sow-editor-base\"\n\t\t\t\n\t\t>\n<div class=\"siteorigin-widget-tinymce textwidget\">\n\t<div id=\"imCell_11\">\n<div id=\"imCellStyle_11\" data-responsive-sequence-number=\"1\">\n<div id=\"imTextObject_11\">\n<div id=\"imTextObject_11_tab0\" class=\"text-tab-content\">\n<div class=\"text-inner\">\n<div><span class=\"fs24 ff1\"><b>W s\u0142u\u017cbie cz\u0142owiekowi<\/b><\/span><\/div>\n<div><span class=\"fs19 ff1\"><b>S\u0142uchamy \u00a0\u00a0<\/b><\/span><b class=\"fs19 ff1\">Rozumiemy \u00a0\u00a0<\/b><b class=\"fs19 ff1\">Pomagamy<\/b><\/div>\n<div><\/div>\n<div><span class=\"ff1\"><b><span class=\"fs19\">Otw\u00f3rz swoje serce.<\/span><\/b><\/span><\/div>\n<div><span class=\"ff1\"><b><span class=\"fs27\">Przeka\u017c 1% podatku, KRS NR 0000041349 PKPS ZZW Szczecin<\/span><\/b><\/span><\/div>\n<div><\/div>\n<\/div>\n<\/div>\n<\/div>\n<\/div>\n<\/div>\n<div id=\"imGroup_2\" class=\"imHGroup\">\n<div id=\"imGroup_3\" class=\"imVGroup\">\n<div id=\"imGroup_5\" class=\"imHGroup\">\n<div id=\"imCell_7\">\n<div id=\"imCellStyle_7\" data-responsive-sequence-number=\"5\">KOMU POMAGAMY<\/div>\n<\/div>\n<\/div>\n<div id=\"imGroup_6\" class=\"imHGroup\">\n<div id=\"imCell_3\">\n<div id=\"imCellStyle_3\" data-responsive-sequence-number=\"7\">\n<div id=\"imTextObject_3\">\n<div id=\"imTextObject_3_tab0\" class=\"text-tab-content\">\n<div class=\"text-inner\">\n<div><\/div>\n<div><span class=\"fs16.002 ff1\">Celem PKPS jest dobrowolne i bezinteresowne niesienie r\u00f3\u017cnorodnych form pomocy osobom i rodzinom, kt\u00f3re z r\u00f3\u017cnych przyczyn niezdolne s\u0105 do rozwi\u0105zywania swych \u017cyciowych problem\u00f3w, w szczeg\u00f3lno\u015bci ludziom starszym, niepe\u0142nosprawnym, chorym, samotnym, zagro\u017conym demoralizacj\u0105, rodzinom pozbawionym \u015brodk\u00f3w do \u017cycia, ubogim i bezradnym<\/span><\/div>\n<\/div>\n<\/div>\n<\/div>\n<\/div>\n<\/div>\n<\/div>\n<\/div>\n<\/div>\n<\/div>\n<\/div><\/div><div id=\"panel-7-1-1-1\" class=\"so-panel widget widget_sow-editor panel-last-child\" data-index=\"3\" ><div class=\"panel-widget-style panel-widget-style-for-7-1-1-1\" ><div\n\t\t\t\n\t\t\tclass=\"so-widget-sow-editor so-widget-sow-editor-base\"\n\t\t\t\n\t\t>\n<div class=\"siteorigin-widget-tinymce textwidget\">\n\t<div id=\"imCell_11\">\n<div id=\"imCellStyle_11\" data-responsive-sequence-number=\"1\">\n<div id=\"imTextObject_11\">\n<div id=\"imTextObject_11_tab0\" class=\"text-tab-content\">\n<div class=\"text-inner\">\n<h3 class=\"widget-title\">RYS HISTORYCZNY<\/h3>\n<div class=\"siteorigin-widget-tinymce textwidget\">\n<div id=\"imCell_11\">\n<div id=\"imCellStyle_11\" data-responsive-sequence-number=\"1\">\n<div id=\"imTextObject_11\">\n<div id=\"imTextObject_11_tab0\" class=\"text-tab-content\">\n<div class=\"text-inner\">\n<div>Terenem dzia\u0142alno\u015bci PKPS jest obszar Polski z siedzib\u0105 w Warszawie. Trudno\u015bci i wszechobecna bieda w kraju zainspirowa\u0142y prof. prawa Leona Kurowskiego do powo\u0142ania stowarzyszenia. Polski Komitet Pomocy Spo\u0142ecznej na posiedzeniu za\u0142o\u017cycielskim w dniu 7 maja 1958 roku w Warszawie rozpocz\u0105\u0142 swoj\u0105 dzia\u0142alno\u015b\u0107 Zarejestrowany 10 pa\u017adziernika 1958 r. Stowarzyszenie powo\u0142ano na podstawie: Rozporz\u0105dzenia Prezydenta Rzeczypospolitej z dnia 27 pa\u017adziernika 1932 r. Aktualnie funkcjonuje na podstawie Ustawy z dn. 7 kwietnia 1989 r. (Dz. U. Nr 29 z dn. 10 kwietnia 1989 r.) Prawo o stowarzyszeniach.<\/div>\n<\/div>\n<\/div>\n<\/div>\n<\/div>\n<\/div>\n<\/div>\n<\/div>\n<\/div>\n<\/div>\n<\/div>\n<\/div>\n<\/div>\n<\/div><\/div><\/div><\/div><\/div><\/div>","protected":false},"excerpt":{"rendered":"<p>P O L S KI\u00a0 \u00a0K O M I T E T\u00a0\u00a0P O M O C Y\u00a0 \u00a0\u00a0S P O \u0141 E C Z N E J ZACHODNIOPOMORSKI\u00a0\u00a0ZARZ\u0104D WOJEW\u00d3DZKI ORGANIZACJA PO\u017bYTKU PUBLICZNEGO tel\/fax (0-91) 433-45-04\u00a0 email:\u00a0\u00a0zzw@szczecin.pkps.org.pl 70-362 Szczecin, ul. Jagiello\u0144ska 18\/2 NIP 851-01-09-361\u00a0 \u00a0REGON 007023760-00480 NR KONTA\u00a0 \u00a023 1240 3813 1111 0000 4375 5868 &nbsp;<\/p>\n","protected":false},"author":1,"featured_media":0,"parent":0,"menu_order":0,"comment_status":"closed","ping_status":"closed","template":"","meta":{"footnotes":"","_links_to":"","_links_to_target":""},"class_list":["post-7","page","type-page","status-publish"],"_links":{"self":[{"href":"https:\/\/szczecin.pkps.org.pl\/index.php?rest_route=\/wp\/v2\/pages\/7","targetHints":{"allow":["GET"]}}],"collection":[{"href":"https:\/\/szczecin.pkps.org.pl\/index.php?rest_route=\/wp\/v2\/pages"}],"about":[{"href":"https:\/\/szczecin.pkps.org.pl\/index.php?rest_route=\/wp\/v2\/types\/page"}],"author":[{"embeddable":true,"href":"https:\/\/szczecin.pkps.org.pl\/index.php?rest_route=\/wp\/v2\/users\/1"}],"replies":[{"embeddable":true,"href":"https:\/\/szczecin.pkps.org.pl\/index.php?rest_route=%2Fwp%2Fv2%2Fcomments&post=7"}],"version-history":[{"count":61,"href":"https:\/\/szczecin.pkps.org.pl\/index.php?rest_route=\/wp\/v2\/pages\/7\/revisions"}],"predecessor-version":[{"id":777,"href":"https:\/\/szczecin.pkps.org.pl\/index.php?rest_route=\/wp\/v2\/pages\/7\/revisions\/777"}],"wp:attachment":[{"href":"https:\/\/szczecin.pkps.org.pl\/index.php?rest_route=%2Fwp%2Fv2%2Fmedia&parent=7"}],"curies":[{"name":"wp","href":"https:\/\/api.w.org\/{rel}","templated":true}]}}