{"id":235,"date":"2019-02-21T11:23:45","date_gmt":"2019-02-21T11:23:45","guid":{"rendered":"http:\/\/szczecin.pkps.org.pl\/?page_id=235"},"modified":"2021-03-03T12:37:39","modified_gmt":"2021-03-03T12:37:39","slug":"rodo-2","status":"publish","type":"page","link":"https:\/\/szczecin.pkps.org.pl\/?page_id=235","title":{"rendered":"RODO"},"content":{"rendered":"<div id=\"pl-235\"  class=\"panel-layout\" ><div id=\"pg-235-0\"  class=\"panel-grid panel-has-style\" ><div class=\"panel-row-style panel-row-style-for-235-0\" ><div id=\"pgc-235-0-0\"  class=\"panel-grid-cell\" ><div id=\"panel-235-0-0-0\" class=\"so-panel widget widget_sow-editor panel-first-child panel-last-child\" data-index=\"0\" ><div\n\t\t\t\n\t\t\tclass=\"so-widget-sow-editor so-widget-sow-editor-base\"\n\t\t\t\n\t\t>\n<div class=\"siteorigin-widget-tinymce textwidget\">\n\t<p class=\"p1\"><b>Administratorem<\/b> danych osobowych jest <b>Polski Komitet Pomocy Spo\u0142ecznej <\/b>z siedzib\u0105: ul Wiejska 18\/20, 00-490 Warszawa.\u00a0<span style=\"font-size: 1rem;\">Z\u00a0Administratorem mo\u017cna si\u0119 kontaktowa\u0107 pisemnie, za pomoc\u0105 poczty tradycyjnej na adres: ul Wiejska 18\/20, 00-490 Warszawa lub drog\u0105 emailow\u0105 pod adresem: <a href=\"mailto:zzw@szczecin.pkps.org.pl\">zzw@szczecin.pkps.org.pl<\/a><\/span><\/p>\n<p class=\"p5\"><strong>Administrator<\/strong> wyznaczy\u0142 <b>Inspektora Ochrony Danych <\/b>\u00a0z kt\u00f3rym mog\u0105 si\u0119 Pa\u0144stwo kontaktowa\u0107 w sprawach przetwarzania Pa\u0144stwa danych osobowych za po\u015brednictwem poczty elektronicznej:\u00a0<span class=\"s1\"><b>iodo pkps@pkps.org.pl<\/b><\/span><\/p>\n<\/div>\n<\/div><\/div><\/div><div id=\"pgc-235-0-1\"  class=\"panel-grid-cell\" ><div id=\"panel-235-0-1-0\" class=\"so-panel widget widget_sow-editor panel-first-child panel-last-child\" data-index=\"1\" ><div\n\t\t\t\n\t\t\tclass=\"so-widget-sow-editor so-widget-sow-editor-base\"\n\t\t\t\n\t\t>\n<div class=\"siteorigin-widget-tinymce textwidget\">\n\t<p class=\"p1\"><a href=\"http:\/\/szczecin.pkps.org.pl\/wp-content\/uploads\/2019\/03\/Obowi\u0105zek-informacyjny-JAD\u0141ODAJNIA.pdf\"><b>RODO - informacja dotycz\u0105ca jad\u0142odajni<\/b><\/a><\/p>\n<p><a href=\"https:\/\/szczecin.pkps.org.pl\/wp-content\/uploads\/2021\/03\/RODO-SCHRONISKO.pdf\"><b>RODO - informacja dotycz\u0105ca schroniska<\/b><\/a><\/p>\n<p><a href=\"http:\/\/szczecin.pkps.org.pl\/wp-content\/uploads\/2019\/03\/Obowi\u0105zek-informacyjny-PUNKT-POMOCY.pdf\"><b>RODO - informacja dotycz\u0105ca punktu pomocy<\/b><\/a><\/p>\n<p>&nbsp;<\/p>\n<\/div>\n<\/div><\/div><\/div><\/div><\/div><\/div>","protected":false},"excerpt":{"rendered":"<p>Administratorem danych osobowych jest Polski Komitet Pomocy Spo\u0142ecznej z siedzib\u0105: ul Wiejska 18\/20, 00-490 Warszawa.\u00a0Z\u00a0Administratorem mo\u017cna si\u0119 kontaktowa\u0107 pisemnie, za pomoc\u0105 poczty tradycyjnej na adres: ul Wiejska 18\/20, 00-490 Warszawa lub drog\u0105 emailow\u0105 pod adresem: zzw@szczecin.pkps.org.pl Administrator wyznaczy\u0142 Inspektora Ochrony Danych \u00a0z kt\u00f3rym mog\u0105 si\u0119 Pa\u0144stwo kontaktowa\u0107 w sprawach przetwarzania Pa\u0144stwa danych osobowych za po\u015brednictwem [&hellip;]<\/p>\n","protected":false},"author":1,"featured_media":0,"parent":0,"menu_order":0,"comment_status":"closed","ping_status":"closed","template":"","meta":{"footnotes":"","_links_to":"","_links_to_target":""},"class_list":["post-235","page","type-page","status-publish"],"_links":{"self":[{"href":"https:\/\/szczecin.pkps.org.pl\/index.php?rest_route=\/wp\/v2\/pages\/235","targetHints":{"allow":["GET"]}}],"collection":[{"href":"https:\/\/szczecin.pkps.org.pl\/index.php?rest_route=\/wp\/v2\/pages"}],"about":[{"href":"https:\/\/szczecin.pkps.org.pl\/index.php?rest_route=\/wp\/v2\/types\/page"}],"author":[{"embeddable":true,"href":"https:\/\/szczecin.pkps.org.pl\/index.php?rest_route=\/wp\/v2\/users\/1"}],"replies":[{"embeddable":true,"href":"https:\/\/szczecin.pkps.org.pl\/index.php?rest_route=%2Fwp%2Fv2%2Fcomments&post=235"}],"version-history":[{"count":52,"href":"https:\/\/szczecin.pkps.org.pl\/index.php?rest_route=\/wp\/v2\/pages\/235\/revisions"}],"predecessor-version":[{"id":573,"href":"https:\/\/szczecin.pkps.org.pl\/index.php?rest_route=\/wp\/v2\/pages\/235\/revisions\/573"}],"wp:attachment":[{"href":"https:\/\/szczecin.pkps.org.pl\/index.php?rest_route=%2Fwp%2Fv2%2Fmedia&parent=235"}],"curies":[{"name":"wp","href":"https:\/\/api.w.org\/{rel}","templated":true}]}}